{"id":3,"date":"2020-05-05T14:32:38","date_gmt":"2020-05-05T12:32:38","guid":{"rendered":"http:\/\/localhost\/mepropress\/?page_id=3"},"modified":"2021-12-02T13:52:19","modified_gmt":"2021-12-02T12:52:19","slug":"ochrana-osobnich-udaju","status":"publish","type":"page","link":"https:\/\/aldilna.cz\/de\/ochrana-osobnich-udaju\/","title":{"rendered":"Z\u00e1sady ochrany osobn\u00edch \u00fadaj\u016f"},"content":{"rendered":"\n<p><strong>I. Z\u00e1kladn\u00ed ustanoven\u00ed<\/strong><\/p>\n\n\n\n<ol class=\"wp-block-list\"><li>Spr\u00e1vcem osobn\u00edch \u00fadaj\u016f podle \u010dl. 4 bod 7 na\u0159\u00edzen\u00ed Evropsk\u00e9ho parlamentu a Rady (EU) 2016\/679 o ochran\u011b fyzick\u00fdch osob v souvislosti se zpracov\u00e1n\u00edm osobn\u00edch \u00fadaj\u016f a o voln\u00e9m pohybu t\u011bchto \u00fadaj\u016f (d\u00e1le jen: \u201eGDPR\u201d) je<br>spole\u010dnost <strong>MEPRO PRESS s.r.o.<\/strong><br>Stavba\u0159\u016f 365, 767 01 Krom\u011b\u0159\u00ed\u017e<br>I\u010cO: 41522541<br>DI\u010c: CZ6601091838<br>www.meprepress.cz<br><\/li><li>Osobn\u00edmi \u00fadaji se rozum\u00ed ve\u0161ker\u00e9 informace o identifikovan\u00e9 nebo identifikovateln\u00e9 fyzick\u00e9 osob\u011b; identifikovatelnou fyzickou osobou je fyzick\u00e1 osoba, kterou lze p\u0159\u00edmo \u010di nep\u0159\u00edmo identifikovat, zejm\u00e9na odkazem na ur\u010dit\u00fd identifik\u00e1tor, nap\u0159\u00edklad jm\u00e9no, identifika\u010dn\u00ed \u010d\u00edslo, loka\u010dn\u00ed \u00fadaje, s\u00ed\u0165ov\u00fd identifik\u00e1tor nebo na jeden \u010di v\u00edce zvl\u00e1\u0161tn\u00edch prvk\u016f fyzick\u00e9, fyziologick\u00e9, genetick\u00e9, psychick\u00e9, ekonomick\u00e9, kulturn\u00ed nebo spole\u010densk\u00e9 identity t\u00e9to fyzick\u00e9 osoby.<\/li><\/ol>\n\n\n\n<p><strong>II.&nbsp;Zdroje a kategorie zpracov\u00e1van\u00fdch osobn\u00edch \u00fadaj\u016f<\/strong><\/p>\n\n\n\n<ol class=\"wp-block-list\"><li>Spr\u00e1vce zpracov\u00e1v\u00e1 osobn\u00ed \u00fadaje, kter\u00e9 jste mu poskytl\/a nebo osobn\u00ed \u00fadaje, kter\u00e9 spr\u00e1vce z\u00edskal na z\u00e1klad\u011b pln\u011bn\u00ed Va\u0161\u00ed objedn\u00e1vky.<\/li><li>Spr\u00e1vce zpracov\u00e1v\u00e1 Va\u0161e identifika\u010dn\u00ed a kontaktn\u00ed \u00fadaje a \u00fadaje nezbytn\u00e9 pro pln\u011bn\u00ed smlouvy.<\/li><\/ol>\n\n\n\n<p><strong>III.&nbsp;Z\u00e1konn\u00fd d\u016fvod a \u00fa\u010del zpracov\u00e1n\u00ed osobn\u00edch \u00fadaj\u016f<\/strong><\/p>\n\n\n\n<ol class=\"wp-block-list\"><li>Va\u0161e identifika\u010dn\u00ed a kontaktn\u00ed \u00fadaje zpracov\u00e1v\u00e1me pouze v souvislosti s poskytov\u00e1n\u00edm slu\u017eeb p\u0159i pln\u011bn\u00ed smlouvy.<\/li><li>Va\u0161e kontaktn\u00ed \u00fadaje (telefonn\u00ed \u010d\u00edslo\/e-mail) vyu\u017e\u00edv\u00e1me k zas\u00edl\u00e1n\u00ed marketingov\u00fdch sd\u011blen\u00ed o produktech a slu\u017eb\u00e1ch.<\/li><li>Pro ochranu na\u0161ich opr\u00e1vn\u011bn\u00fdch z\u00e1jm\u016f (zejm\u00e9na pro zamezen\u00ed podvodn\u00fdm jedn\u00e1n\u00edm, ve snaze p\u0159edch\u00e1zet a zabr\u00e1nit poru\u0161en\u00ed na\u0161ich smluvn\u00edch podm\u00ednek, pro \u00fa\u010dely vym\u00e1h\u00e1n\u00ed p\u0159\u00edpadn\u00fdch pohled\u00e1vek a k zaji\u0161t\u011bn\u00ed ochrany na\u0161ich z\u00e1konn\u00fdch pr\u00e1v).<\/li><li>K pln\u011bn\u00ed na\u0161ich pr\u00e1vn\u00edch povinnost\u00ed (zejm\u00e9na pln\u011bn\u00ed povinnost\u00ed v oblasti da\u0148ov\u00e9, platebn\u00ed a statistick\u00e9) po dobu stanovenou p\u0159\u00edslu\u0161n\u00fdmi z\u00e1konn\u00fdmi p\u0159edpisy.<\/li><li>Va\u0161e kontaktn\u00ed \u00fadaje m\u016f\u017eeme d\u00e1le vyu\u017e\u00edvat pro zaji\u0161t\u011bn\u00ed na\u0161\u00ed vz\u00e1jemn\u00e9 komunikace a pro \u00fa\u010dely umo\u017en\u011bn\u00ed v\u00fdkonu Va\u0161ich pr\u00e1v v souvislosti s ochranou osobn\u00edch \u00fadaj\u016f.<\/li><li>Data o objedn\u00e1vk\u00e1ch zpracov\u00e1v\u00e1me rovn\u011b\u017e pro \u00fa\u010dely pln\u011bn\u00ed \u00fa\u010detn\u00edch, da\u0148ov\u00fdch a dal\u0161\u00edch pr\u00e1vn\u00edch povinnost\u00ed ur\u010den\u00fdch z\u00e1konem.<\/li><\/ol>\n\n\n\n<p><strong>IV.&nbsp;Doba uchov\u00e1v\u00e1n\u00ed \u00fadaj\u016f<\/strong><\/p>\n\n\n\n<ol class=\"wp-block-list\"><li>Doba uchov\u00e1n\u00ed je vymezena dobou trv\u00e1n\u00ed konkr\u00e9tn\u00edho smluvn\u00edho vztahu, realizac\u00ed objedn\u00e1vky a n\u00e1sledn\u011b po dobu z\u00e1konn\u00fdch proml\u010dec\u00edch lh\u016ft, nejd\u00e9le v dan\u00e9m p\u0159\u00edpad\u011b po dobu 10-ti let ode dne realizace p\u0159\u00edslu\u0161n\u00e9ho smluvn\u00edho vztahu.<\/li><li>Po uplynut\u00ed doby uchov\u00e1v\u00e1n\u00ed osobn\u00edch \u00fadaj\u016f spr\u00e1vce osobn\u00ed \u00fadaje vyma\u017ee.<\/li><\/ol>\n\n\n\n<p><strong>V.&nbsp;P\u0159\u00edjemci osobn\u00edch \u00fadaj\u016f (subdodavatel\u00e9 spr\u00e1vce)<\/strong><\/p>\n\n\n\n<ol class=\"wp-block-list\"><li>P\u0159\u00edjemci osobn\u00edch \u00fadaj\u016f jsou osoby<br>1.1. pod\u00edlej\u00edc\u00ed se na dod\u00e1n\u00ed zbo\u017e\u00ed \/ slu\u017eeb \/ realizaci plateb na z\u00e1klad\u011b smlouvy<br>1.2. zaji\u0161\u0165uj\u00edc\u00ed slu\u017eby provozov\u00e1n\u00ed webov\u00fdch str\u00e1nek<br>1.3. zaji\u0161\u0165uj\u00edc\u00ed marketingov\u00e9 slu\u017eby<\/li><li>Spr\u00e1vce nem\u00e1 &nbsp;v \u00famyslu p\u0159edat osobn\u00ed \u00fadaje do t\u0159et\u00ed zem\u011b (do zem\u011b mimo EU) nebo mezin\u00e1rodn\u00ed organizaci. P\u0159\u00edjemci osobn\u00edch \u00fadaj\u016f ve t\u0159et\u00edch zem\u00edch jsou poskytovatel\u00e9 mailingov\u00fdch slu\u017eeb \/ cloudov\u00fdch slu\u017eeb.<\/li><\/ol>\n\n\n\n<p><strong>VI.&nbsp;Podm\u00ednky zabezpe\u010den\u00ed osobn\u00edch \u00fadaj\u016f<\/strong><\/p>\n\n\n\n<ol class=\"wp-block-list\"><li>Spr\u00e1vce prohla\u0161uje, \u017ee p\u0159ijal ve\u0161ker\u00e1 vhodn\u00e1 technick\u00e1 a organiza\u010dn\u00ed opat\u0159en\u00ed k zabezpe\u010den\u00ed osobn\u00edch \u00fadaj\u016f.<\/li><li>Spr\u00e1vce p\u0159ijal technick\u00e1 opat\u0159en\u00ed k zabezpe\u010den\u00ed datov\u00fdch \u00falo\u017ei\u0161\u0165 a \u00falo\u017ei\u0161\u0165 osobn\u00edch \u00fadaj\u016f v listinn\u00e9 podob\u011b.<\/li><li>Spr\u00e1vce prohla\u0161uje, \u017ee k osobn\u00edm \u00fadaj\u016fm maj\u00ed p\u0159\u00edstup pouze j\u00edm pov\u011b\u0159en\u00e9 osoby.<\/li><\/ol>\n\n\n\n<p><strong>VII.&nbsp;Z\u00e1v\u011bre\u010dn\u00e1 ustanoven\u00ed<\/strong><\/p>\n\n\n\n<ol class=\"wp-block-list\"><li>Odesl\u00e1n\u00edm objedn\u00e1vky z internetov\u00e9ho objedn\u00e1vkov\u00e9ho formul\u00e1\u0159e potvrzujete, \u017ee jste sezn\u00e1men\/a s podm\u00ednkami ochrany osobn\u00edch \u00fadaj\u016f a \u017ee je v cel\u00e9m rozsahu p\u0159ij\u00edm\u00e1te.<\/li><li>S t\u011bmito podm\u00ednkami souhlas\u00edte za\u0161krtnut\u00edm souhlasu prost\u0159ednictv\u00edm internetov\u00e9ho formul\u00e1\u0159e. Za\u0161krtnut\u00edm souhlasu potvrzujete, \u017ee jste sezn\u00e1men\/a s podm\u00ednkami ochrany osobn\u00edch \u00fadaj\u016f a \u017ee je v cel\u00e9m rozsahu p\u0159ij\u00edm\u00e1te.<\/li><li>Spr\u00e1vce je opr\u00e1vn\u011bn tyto podm\u00ednky zm\u011bnit. Novou verzi podm\u00ednek ochrany osobn\u00edch \u00fadaj\u016f zve\u0159ejn\u00ed na sv\u00fdch internetov\u00fdch str\u00e1nk\u00e1ch.<\/li><\/ol>\n\n\n\n<p><strong>Tyto podm\u00ednky nab\u00fdvaj\u00ed \u00fa\u010dinnosti dnem 8.5.2020<\/strong><\/p>\n","protected":false},"excerpt":{"rendered":"<p>I. Z\u00e1kladn\u00ed ustanoven\u00ed Spr\u00e1vcem osobn\u00edch \u00fadaj\u016f podle \u010dl. 4 bod 7 na\u0159\u00edzen\u00ed Evropsk\u00e9ho parlamentu a Rady (EU) 2016\/679 o ochran\u011b fyzick\u00fdch osob v souvislosti se zpracov\u00e1n\u00edm osobn\u00edch \u00fadaj\u016f a o voln\u00e9m pohybu t\u011bchto \u00fadaj\u016f (d\u00e1le jen: \u201eGDPR\u201d) jespole\u010dnost MEPRO PRESS s.r.o.Stavba\u0159\u016f 365, 767 01 Krom\u011b\u0159\u00ed\u017eI\u010cO: 41522541DI\u010c: CZ6601091838www.meprepress.cz Osobn\u00edmi \u00fadaji se rozum\u00ed ve\u0161ker\u00e9 informace o identifikovan\u00e9 [&hellip;]<\/p>\n","protected":false},"author":1,"featured_media":0,"parent":0,"menu_order":99,"comment_status":"closed","ping_status":"closed","template":"","meta":{"footnotes":""},"class_list":["post-3","page","type-page","status-publish","hentry"],"_links":{"self":[{"href":"https:\/\/aldilna.cz\/de\/wp-json\/wp\/v2\/pages\/3","targetHints":{"allow":["GET"]}}],"collection":[{"href":"https:\/\/aldilna.cz\/de\/wp-json\/wp\/v2\/pages"}],"about":[{"href":"https:\/\/aldilna.cz\/de\/wp-json\/wp\/v2\/types\/page"}],"author":[{"embeddable":true,"href":"https:\/\/aldilna.cz\/de\/wp-json\/wp\/v2\/users\/1"}],"replies":[{"embeddable":true,"href":"https:\/\/aldilna.cz\/de\/wp-json\/wp\/v2\/comments?post=3"}],"version-history":[{"count":5,"href":"https:\/\/aldilna.cz\/de\/wp-json\/wp\/v2\/pages\/3\/revisions"}],"predecessor-version":[{"id":744,"href":"https:\/\/aldilna.cz\/de\/wp-json\/wp\/v2\/pages\/3\/revisions\/744"}],"wp:attachment":[{"href":"https:\/\/aldilna.cz\/de\/wp-json\/wp\/v2\/media?parent=3"}],"curies":[{"name":"wp","href":"https:\/\/api.w.org\/{rel}","templated":true}]}}