{"id":7,"date":"2020-05-05T14:37:49","date_gmt":"2020-05-05T12:37:49","guid":{"rendered":"http:\/\/localhost\/mepropress\/?page_id=7"},"modified":"2022-03-15T14:55:11","modified_gmt":"2022-03-15T13:55:11","slug":"uvod","status":"publish","type":"page","link":"https:\/\/aldilna.cz\/de\/","title":{"rendered":"ZUHAUSE"},"content":{"rendered":"\n<h2 class=\"has-text-align-center wp-block-heading\" id=\"vyhoda-a-kompletace-profesionalnes-vyhodami-chranene-dilny\">B\u00fcro und Produktion in Mrzkovice<br><strong><mark style=\"background-color:rgba(0, 0, 0, 0);color:#2a4e95\" class=\"has-inline-color\">Unser 300m2 Lager steht f\u00fcr Einlagerungen zur Inspektion, Zusammenbau oder Neuverpackung zur Verf\u00fcgung.<\/mark><\/strong><\/h2>\n\n\n\n<p class=\"has-text-align-center\">Ein weiteres Lager mit 80m2 und 20 Mitarbeiter wird f\u00fcr Zusammenbau gen\u00fctzt. F\u00fcr einfaches Be- und Entladen verf\u00fcgen wir \u00fcber eine Rampe und Gabelstapler. Der gesamte abgeschlossen Lager und Produktions- Bereich kann von Unbefugte nicht betreten werden.<\/p>\n\n\n\n<div class=\"wp-block-image\"><figure class=\"aligncenter size-large\"><img loading=\"lazy\" decoding=\"async\" width=\"1024\" height=\"450\" src=\"https:\/\/aldilna.cz\/wp-content\/uploads\/2022\/02\/main_cover_img-1024x450.jpg\" alt=\"\" class=\"wp-image-777\" srcset=\"https:\/\/aldilna.cz\/wp-content\/uploads\/2022\/02\/main_cover_img-1024x450.jpg 1024w, https:\/\/aldilna.cz\/wp-content\/uploads\/2022\/02\/main_cover_img-300x132.jpg 300w, https:\/\/aldilna.cz\/wp-content\/uploads\/2022\/02\/main_cover_img-768x338.jpg 768w, https:\/\/aldilna.cz\/wp-content\/uploads\/2022\/02\/main_cover_img.jpg 1326w\" sizes=\"auto, (max-width: 1024px) 100vw, 1024px\" \/><\/figure><\/div>\n\n\n\n<div style=\"height:25px\" aria-hidden=\"true\" class=\"wp-block-spacer\"><\/div>\n\n\n\n<h2 class=\"has-text-align-center wp-block-heading\" id=\"vyhoda-a-kompletace-profesionalnes-vyhodami-chranene-dilny\">WARUM MIT UNS?<\/h2>\n\n\n\n<div style=\"height:10px\" aria-hidden=\"true\" class=\"wp-block-spacer\"><\/div>\n\n\n\n<div class=\"wp-block-columns is-layout-flex wp-container-core-columns-is-layout-9d6595d7 wp-block-columns-is-layout-flex\">\n<div class=\"wp-block-column is-layout-flow wp-block-column-is-layout-flow\"><style>.kt-svg-icons_b0ab0b-0f .kt-svg-item-0 .kb-svg-icon-wrap{color:#ffffff;font-size:50px;background:#c1d44b;border-color:#444444;border-width:0px;border-radius:50px;}.wp-block-kadence-icon.kt-svg-icons_b0ab0b-0f{justify-content:center;}<\/style>\n<div class=\"wp-block-kadence-icon kt-svg-icons kt-svg-icons_b0ab0b-0f alignnone\" style=\"text-align:center\"><div class=\"kt-svg-style-stacked kt-svg-icon-wrap kt-svg-item-0\"><div style=\"display:inline-flex;justify-content:center;align-items:center;color:#ffffff;background-color:#c1d44b;padding:20px;border-color:#444444;border-radius:50%\" class=\"kt-svg-icon kt-svg-icon-fas_money-bill-wave\"><svg style=\"display:inline-block;vertical-align:middle\" viewbox=\"0 0 640 512\" height=\"50\" width=\"50\" fill=\"currentColor\" xmlns=\"http:\/\/www.w3.org\/2000\/svg\" aria-hidden=\"true\"><path d=\"M621.16 54.46C582.37 38.19 543.55 32 504.75 32c-123.17-.01-246.33 62.34-369.5 62.34-30.89 0-61.76-3.92-92.65-13.72-3.47-1.1-6.95-1.62-10.35-1.62C15.04 79 0 92.32 0 110.81v317.26c0 12.63 7.23 24.6 18.84 29.46C57.63 473.81 96.45 480 135.25 480c123.17 0 246.34-62.35 369.51-62.35 30.89 0 61.76 3.92 92.65 13.72 3.47 1.1 6.95 1.62 10.35 1.62 17.21 0 32.25-13.32 32.25-31.81V83.93c-.01-12.64-7.24-24.6-18.85-29.47zM48 132.22c20.12 5.04 41.12 7.57 62.72 8.93C104.84 170.54 79 192.69 48 192.69v-60.47zm0 285v-47.78c34.37 0 62.18 27.27 63.71 61.4-22.53-1.81-43.59-6.31-63.71-13.62zM320 352c-44.19 0-80-42.99-80-96 0-53.02 35.82-96 80-96s80 42.98 80 96c0 53.03-35.83 96-80 96zm272 27.78c-17.52-4.39-35.71-6.85-54.32-8.44 5.87-26.08 27.5-45.88 54.32-49.28v57.72zm0-236.11c-30.89-3.91-54.86-29.7-55.81-61.55 19.54 2.17 38.09 6.23 55.81 12.66v48.89z\"><\/path><\/svg><\/div><\/div><\/div>\n\n\n\n<h3 class=\"has-text-align-center has-text-color wp-block-heading\" id=\"uspory\" style=\"color:#2a4e95\"><strong>Ersparnisse<\/strong><\/h3>\n\n\n\n<p class=\"has-text-align-center has-small-font-size\">Mit uns sparen Sie durchschnittlich<br> 16 % der Kosten<\/p>\n<\/div>\n\n\n\n<div class=\"wp-block-column is-layout-flow wp-block-column-is-layout-flow\"><style>.kt-svg-icons_12643c-30 .kt-svg-item-0 .kb-svg-icon-wrap{color:#ffffff;font-size:50px;background:#c1d44b;border-color:#444444;border-width:0px;border-radius:50px;}.wp-block-kadence-icon.kt-svg-icons_12643c-30{justify-content:center;}<\/style>\n<div class=\"wp-block-kadence-icon kt-svg-icons kt-svg-icons_12643c-30 alignnone\" style=\"text-align:center\"><div class=\"kt-svg-style-stacked kt-svg-icon-wrap kt-svg-item-0\"><div style=\"display:inline-flex;justify-content:center;align-items:center;color:#ffffff;background-color:#c1d44b;padding:20px;border-color:#444444;border-radius:50%\" class=\"kt-svg-icon kt-svg-icon-ic_home\"><svg style=\"display:inline-block;vertical-align:middle\" viewbox=\"0 0 8 8\" height=\"50\" width=\"50\" fill=\"currentColor\" xmlns=\"http:\/\/www.w3.org\/2000\/svg\" aria-hidden=\"true\"><path d=\"M4 0l-4 3h1v4h2v-2h2v2h2v-4.03l1 .03-4-3z\"><\/path><\/svg><\/div><\/div><\/div>\n\n\n\n<h3 class=\"has-text-align-center has-text-color wp-block-heading\" id=\"uspory\" style=\"color:#2a4e95\"><strong>Firmengel\u00e4nde<\/strong><\/h3>\n\n\n\n<p class=\"has-text-align-center has-small-font-size\">Mehr als <br>380 m2 Lager- und Produktionsfl\u00e4che<\/p>\n<\/div>\n\n\n\n<div class=\"wp-block-column is-layout-flow wp-block-column-is-layout-flow\"><style>.kt-svg-icons_290330-ea .kt-svg-item-0 .kb-svg-icon-wrap{color:#ffffff;font-size:50px;background:#c1d44b;border-color:#444444;border-width:0px;border-radius:50px;}.wp-block-kadence-icon.kt-svg-icons_290330-ea{justify-content:center;}<\/style>\n<div class=\"wp-block-kadence-icon kt-svg-icons kt-svg-icons_290330-ea alignnone\" style=\"text-align:center\"><div class=\"kt-svg-style-stacked kt-svg-icon-wrap kt-svg-item-0\"><div style=\"display:inline-flex;justify-content:center;align-items:center;color:#ffffff;background-color:#c1d44b;padding:20px;border-color:#444444;border-radius:50%\" class=\"kt-svg-icon kt-svg-icon-fas_user-alt\"><svg style=\"display:inline-block;vertical-align:middle\" viewbox=\"0 0 512 512\" height=\"50\" width=\"50\" fill=\"currentColor\" xmlns=\"http:\/\/www.w3.org\/2000\/svg\" aria-hidden=\"true\"><path d=\"M256 288c79.5 0 144-64.5 144-144S335.5 0 256 0 112 64.5 112 144s64.5 144 144 144zm128 32h-55.1c-22.2 10.2-46.9 16-72.9 16s-50.6-5.8-72.9-16H128C57.3 320 0 377.3 0 448v16c0 26.5 21.5 48 48 48h416c26.5 0 48-21.5 48-48v-16c0-70.7-57.3-128-128-128z\"><\/path><\/svg><\/div><\/div><\/div>\n\n\n\n<h3 class=\"has-text-align-center has-text-color wp-block-heading\" id=\"uspory\" style=\"color:#2a4e95\"><strong>Angestellte<\/strong><\/h3>\n\n\n\n<p class=\"has-text-align-center has-small-font-size\">20 qualifizierte und geschulte Mitarbeiter<\/p>\n<\/div>\n\n\n\n<div class=\"wp-block-column is-layout-flow wp-block-column-is-layout-flow\"><style>.kt-svg-icons_9e43a7-1b .kt-svg-item-0 .kb-svg-icon-wrap{color:#ffffff;font-size:50px;background:#c1d44b;border-color:#444444;border-width:0px;border-radius:50px;}.wp-block-kadence-icon.kt-svg-icons_9e43a7-1b{justify-content:center;}<\/style>\n<div class=\"wp-block-kadence-icon kt-svg-icons kt-svg-icons_9e43a7-1b alignnone\" style=\"text-align:center\"><div class=\"kt-svg-style-stacked kt-svg-icon-wrap kt-svg-item-0\"><div style=\"display:inline-flex;justify-content:center;align-items:center;color:#ffffff;background-color:#c1d44b;padding:20px;border-color:#444444;border-radius:50%\" class=\"kt-svg-icon kt-svg-icon-fas_car-side\"><svg style=\"display:inline-block;vertical-align:middle\" viewbox=\"0 0 640 512\" height=\"50\" width=\"50\" fill=\"currentColor\" xmlns=\"http:\/\/www.w3.org\/2000\/svg\" aria-hidden=\"true\"><path d=\"M544 192h-16L419.22 56.02A64.025 64.025 0 0 0 369.24 32H155.33c-26.17 0-49.7 15.93-59.42 40.23L48 194.26C20.44 201.4 0 226.21 0 256v112c0 8.84 7.16 16 16 16h48c0 53.02 42.98 96 96 96s96-42.98 96-96h128c0 53.02 42.98 96 96 96s96-42.98 96-96h48c8.84 0 16-7.16 16-16v-80c0-53.02-42.98-96-96-96zM160 432c-26.47 0-48-21.53-48-48s21.53-48 48-48 48 21.53 48 48-21.53 48-48 48zm72-240H116.93l38.4-96H232v96zm48 0V96h89.24l76.8 96H280zm200 240c-26.47 0-48-21.53-48-48s21.53-48 48-48 48 21.53 48 48-21.53 48-48 48z\"><\/path><\/svg><\/div><\/div><\/div>\n\n\n\n<h3 class=\"has-text-align-center has-text-color wp-block-heading\" id=\"uspory\" style=\"color:#2a4e95\"><strong>Verf\u00fcgbarkeit<\/strong><\/h3>\n\n\n\n<p class=\"has-text-align-center has-small-font-size\">\nEntfernung 25 km von D1 <br>(66 km Richtung Prag \/ Br\u00fcnn)<\/p>\n<\/div>\n\n\n\n<div class=\"wp-block-column is-layout-flow wp-block-column-is-layout-flow\"><style>.kt-svg-icons_b87561-95 .kt-svg-item-0 .kb-svg-icon-wrap{color:#ffffff;font-size:50px;background:#c1d44b;border-color:#444444;border-width:0px;border-radius:50px;}.wp-block-kadence-icon.kt-svg-icons_b87561-95{justify-content:center;}<\/style>\n<div class=\"wp-block-kadence-icon kt-svg-icons kt-svg-icons_b87561-95 alignnone\" style=\"text-align:center\"><div class=\"kt-svg-style-stacked kt-svg-icon-wrap kt-svg-item-0\"><div style=\"display:inline-flex;justify-content:center;align-items:center;color:#ffffff;background-color:#c1d44b;padding:20px;border-color:#444444;border-radius:50%\" class=\"kt-svg-icon kt-svg-icon-fas_check-circle\"><svg style=\"display:inline-block;vertical-align:middle\" viewbox=\"0 0 512 512\" height=\"50\" width=\"50\" fill=\"currentColor\" xmlns=\"http:\/\/www.w3.org\/2000\/svg\" aria-hidden=\"true\"><path d=\"M504 256c0 136.967-111.033 248-248 248S8 392.967 8 256 119.033 8 256 8s248 111.033 248 248zM227.314 387.314l184-184c6.248-6.248 6.248-16.379 0-22.627l-22.627-22.627c-6.248-6.249-16.379-6.249-22.628 0L216 308.118l-70.059-70.059c-6.248-6.248-16.379-6.248-22.628 0l-22.627 22.627c-6.248 6.248-6.248 16.379 0 22.627l104 104c6.249 6.249 16.379 6.249 22.628.001z\"><\/path><\/svg><\/div><\/div><\/div>\n\n\n\n<h3 class=\"has-text-align-center has-text-color wp-block-heading\" id=\"uspory\" style=\"color:#2a4e95\"><strong>Qualit\u00e4t<\/strong><\/h3>\n\n\n\n<p class=\"has-text-align-center has-small-font-size\">Wir achten auf hohe Qualit\u00e4t <br>und Professionalit\u00e4t<\/p>\n<\/div>\n\n\n\n<div class=\"wp-block-column is-layout-flow wp-block-column-is-layout-flow\">\n<h3 class=\"has-text-align-center has-text-color wp-block-heading\" id=\"uspory\" style=\"color:#2a4e95\"><br><\/h3>\n<\/div>\n<\/div>\n\n\n\n<div style=\"height:50px\" aria-hidden=\"true\" class=\"wp-block-spacer\"><\/div>\n\n\n\n<div class=\"wp-block-media-text has-media-on-the-right is-stacked-on-mobile is-vertically-aligned-center\"><figure class=\"wp-block-media-text__media\"><img loading=\"lazy\" decoding=\"async\" width=\"681\" height=\"590\" src=\"https:\/\/aldilna.cz\/wp-content\/uploads\/2022\/02\/ledge.jpg\" alt=\"\" class=\"wp-image-796 size-full\" srcset=\"https:\/\/aldilna.cz\/wp-content\/uploads\/2022\/02\/ledge.jpg 681w, https:\/\/aldilna.cz\/wp-content\/uploads\/2022\/02\/ledge-300x260.jpg 300w\" sizes=\"auto, (max-width: 681px) 100vw, 681px\" \/><\/figure><div class=\"wp-block-media-text__content\">\n<h2 class=\"wp-block-heading\" id=\"sidlo-firmymrzkovice-50\">Der Sitz der Firma befindet sich <br><strong><mark style=\"background-color:rgba(0, 0, 0, 0);color:#1f3a6e\" class=\"has-inline-color\">in Mrzkovice 50<\/mark><\/strong><\/h2>\n\n\n\n<p>Wir bieten Verpackung von Produkten, Inspektion von kleineren Komponenten und Sortierung von identischen und nicht identischen Produkten.<\/p>\n\n\n\n<p><br>Etikettierung und Verpackung erfolgt nach Bedarf des Kunden.<\/p>\n\n\n\n<div class=\"wp-block-buttons is-layout-flex wp-block-buttons-is-layout-flex\">\n<div class=\"wp-block-button\"><a class=\"wp-block-button__link has-background\" href=\"https:\/\/aldilna.cz\/de\/kontaktujte-nas\/\" style=\"background-color:#1f3a6e\">Kontakt<\/a><\/div>\n<\/div>\n<\/div><\/div>\n\n\n\n<div style=\"height:50px\" aria-hidden=\"true\" class=\"wp-block-spacer\"><\/div>\n\n\n\n<div class=\"wp-block-group alignwide no-margin has-background\" style=\"background-color:#c1d44b\"><div class=\"wp-block-group__inner-container is-layout-flow wp-block-group-is-layout-flow\">\n<div style=\"height:50px\" aria-hidden=\"true\" class=\"wp-block-spacer\"><\/div>\n\n\n\n<div class=\"wp-block-media-text alignwide is-stacked-on-mobile is-vertically-aligned-center\"><figure class=\"wp-block-media-text__media\"><img loading=\"lazy\" decoding=\"async\" width=\"734\" height=\"488\" src=\"https:\/\/aldilna.cz\/wp-content\/uploads\/2022\/02\/dodavka.png\" alt=\"\" class=\"wp-image-807 size-full\" srcset=\"https:\/\/aldilna.cz\/wp-content\/uploads\/2022\/02\/dodavka.png 734w, https:\/\/aldilna.cz\/wp-content\/uploads\/2022\/02\/dodavka-300x199.png 300w\" sizes=\"auto, (max-width: 734px) 100vw, 734px\" \/><\/figure><div class=\"wp-block-media-text__content\">\n<h2 class=\"has-text-align-left wp-block-heading\" id=\"vyuzijte-take-nasi-moznost-dopravy-primo-k-vam\"><mark style=\"background-color:rgba(0, 0, 0, 0)\" class=\"has-inline-color has-black-color\"> <br>Transport<\/mark> <strong><mark style=\"background-color:rgba(0, 0, 0, 0);color:#1f3a6e\" class=\"has-inline-color\"><br><\/mark><\/strong><\/h2>\n\n\n\n<p><mark style=\"background-color:rgba(0, 0, 0, 0)\" class=\"has-inline-color has-black-color\">Abholung der Waren und Zustellung der verpackten Produkte nach Terminvereinbarung.<br>F\u00fcr Transporte stehen eigene Kleintransporter zur Verf\u00fcgung.<\/mark><\/p>\n\n\n\n<p><mark style=\"background-color:rgba(0, 0, 0, 0)\" class=\"has-inline-color has-black-color\">Bei gr\u00f6\u00dferen Auftr\u00e4gen kann internationaler LKW-Transport angeboten werden.<\/mark><br><br><mark style=\"background-color:rgba(0, 0, 0, 0)\" class=\"has-inline-color has-black-color\"><\/mark><\/p>\n\n\n\n<div style=\"height:20px\" aria-hidden=\"true\" class=\"wp-block-spacer\"><\/div>\n\n\n\n<div class=\"wp-block-buttons is-layout-flex wp-block-buttons-is-layout-flex\">\n<div class=\"wp-block-button\"><a class=\"wp-block-button__link has-background\" href=\"https:\/\/aldilna.cz\/de\/kontaktujte-nas\/\" style=\"background-color:#1f3a6e\">Kontakt<\/a><\/div>\n<\/div>\n<\/div><\/div>\n\n\n\n<div style=\"height:50px\" aria-hidden=\"true\" class=\"wp-block-spacer\"><\/div>\n<\/div><\/div>\n","protected":false},"excerpt":{"rendered":"<p>B\u00fcro und Produktion in MrzkoviceUnser 300m2 Lager steht f\u00fcr Einlagerungen zur Inspektion, Zusammenbau oder Neuverpackung zur Verf\u00fcgung. Ein weiteres Lager mit 80m2 und 20 Mitarbeiter wird f\u00fcr Zusammenbau gen\u00fctzt. F\u00fcr einfaches Be- und Entladen verf\u00fcgen wir \u00fcber eine Rampe und Gabelstapler. Der gesamte abgeschlossen Lager und Produktions- Bereich kann von Unbefugte nicht betreten werden. WARUM [&hellip;]<\/p>\n","protected":false},"author":1,"featured_media":0,"parent":0,"menu_order":0,"comment_status":"closed","ping_status":"closed","template":"page-no-title.php","meta":{"footnotes":""},"class_list":["post-7","page","type-page","status-publish","hentry"],"_links":{"self":[{"href":"https:\/\/aldilna.cz\/de\/wp-json\/wp\/v2\/pages\/7","targetHints":{"allow":["GET"]}}],"collection":[{"href":"https:\/\/aldilna.cz\/de\/wp-json\/wp\/v2\/pages"}],"about":[{"href":"https:\/\/aldilna.cz\/de\/wp-json\/wp\/v2\/types\/page"}],"author":[{"embeddable":true,"href":"https:\/\/aldilna.cz\/de\/wp-json\/wp\/v2\/users\/1"}],"replies":[{"embeddable":true,"href":"https:\/\/aldilna.cz\/de\/wp-json\/wp\/v2\/comments?post=7"}],"version-history":[{"count":237,"href":"https:\/\/aldilna.cz\/de\/wp-json\/wp\/v2\/pages\/7\/revisions"}],"predecessor-version":[{"id":945,"href":"https:\/\/aldilna.cz\/de\/wp-json\/wp\/v2\/pages\/7\/revisions\/945"}],"wp:attachment":[{"href":"https:\/\/aldilna.cz\/de\/wp-json\/wp\/v2\/media?parent=7"}],"curies":[{"name":"wp","href":"https:\/\/api.w.org\/{rel}","templated":true}]}}