{"id":757,"date":"2021-12-02T14:15:34","date_gmt":"2021-12-02T13:15:34","guid":{"rendered":"https:\/\/aldilna.cz\/?page_id=757"},"modified":"2022-03-15T14:56:43","modified_gmt":"2022-03-15T13:56:43","slug":"kontaktujte-nas","status":"publish","type":"page","link":"https:\/\/aldilna.cz\/en\/kontaktujte-nas\/","title":{"rendered":"CONTACT"},"content":{"rendered":"\n<iframe src=\"https:\/\/www.google.com\/maps\/embed?pb=!1m18!1m12!1m3!1d2582.9357502758044!2d15.368346115923318!3d49.65550985220262!2m3!1f0!2f0!3f0!3m2!1i1024!2i768!4f13.1!3m3!1m2!1s0x470c5620534ab88b%3A0xb847f32bbca8b054!2sMrzkovice%2050%2C%20582%2091%20Sv%C4%9Btl%C3%A1%20nad%20S%C3%A1zavou!5e0!3m2!1scs!2scz!4v1644566832754!5m2!1scs!2scz\" width=\"100%\" height=\"450\" style=\"border:0;\" allowfullscreen=\"\" loading=\"lazy\"><\/iframe>\n\n\n\n<div style=\"height:40px\" aria-hidden=\"true\" class=\"wp-block-spacer\"><\/div>\n\n\n\n<div class=\"wp-block-columns is-layout-flex wp-container-core-columns-is-layout-9d6595d7 wp-block-columns-is-layout-flex\">\n<div class=\"wp-block-column is-layout-flow wp-block-column-is-layout-flow\"><style>.kt-svg-icons_6e7c95-78 .kt-svg-item-0 .kb-svg-icon-wrap{color:#1f3a6e;font-size:40px;background:transparent;border-color:#1f3a6e;border-width:1px;border-radius:50px;}.wp-block-kadence-icon.kt-svg-icons_6e7c95-78{justify-content:center;}<\/style>\n<div class=\"wp-block-kadence-icon kt-svg-icons kt-svg-icons_6e7c95-78 alignnone\" style=\"text-align:center\"><div class=\"kt-svg-style-stacked kt-svg-icon-wrap kt-svg-item-0\"><div style=\"display:inline-flex;justify-content:center;align-items:center;color:#1f3a6e;background-color:transparent;padding:20px;border-color:#1f3a6e;border-width:1px;border-radius:50%\" class=\"kt-svg-icon kt-svg-icon-fe_phone\"><svg style=\"display:inline-block;vertical-align:middle\" viewbox=\"0 0 24 24\" height=\"40\" width=\"40\" fill=\"none\" stroke=\"currentColor\" xmlns=\"http:\/\/www.w3.org\/2000\/svg\" stroke-width=\"1.5\" stroke-linecap=\"round\" stroke-linejoin=\"round\" aria-hidden=\"true\"><path d=\"M22 16.92v3a2 2 0 0 1-2.18 2 19.79 19.79 0 0 1-8.63-3.07 19.5 19.5 0 0 1-6-6 19.79 19.79 0 0 1-3.07-8.67A2 2 0 0 1 4.11 2h3a2 2 0 0 1 2 1.72 12.84 12.84 0 0 0 .7 2.81 2 2 0 0 1-.45 2.11L8.09 9.91a16 16 0 0 0 6 6l1.27-1.27a2 2 0 0 1 2.11-.45 12.84 12.84 0 0 0 2.81.7A2 2 0 0 1 22 16.92z\"><\/path><\/svg><\/div><\/div><\/div>\n\n\n\n<h3 class=\"has-text-align-center wp-block-heading\" id=\"zavolejte-nam\"><strong>CALL US<\/strong><\/h3>\n\n\n\n<p class=\"has-text-align-center\">+420 <strong>605 530 178<\/strong><br>+420<strong> 722 231 497<\/strong><\/p>\n<\/div>\n\n\n\n<div class=\"wp-block-column is-layout-flow wp-block-column-is-layout-flow\"><style>.kt-svg-icons_96022b-b7 .kt-svg-item-0 .kb-svg-icon-wrap{color:#1f3a6e;font-size:40px;background:transparent;border-color:#1f3a6e;border-width:1px;border-radius:50px;}.wp-block-kadence-icon.kt-svg-icons_96022b-b7{justify-content:center;}<\/style>\n<div class=\"wp-block-kadence-icon kt-svg-icons kt-svg-icons_96022b-b7 alignnone\" style=\"text-align:center\"><div class=\"kt-svg-style-stacked kt-svg-icon-wrap kt-svg-item-0\"><div style=\"display:inline-flex;justify-content:center;align-items:center;color:#1f3a6e;background-color:transparent;padding:20px;border-color:#1f3a6e;border-width:1px;border-radius:50%\" class=\"kt-svg-icon kt-svg-icon-fe_mail\"><svg style=\"display:inline-block;vertical-align:middle\" viewbox=\"0 0 24 24\" height=\"40\" width=\"40\" fill=\"none\" stroke=\"currentColor\" xmlns=\"http:\/\/www.w3.org\/2000\/svg\" stroke-width=\"1.5\" stroke-linecap=\"round\" stroke-linejoin=\"round\" aria-hidden=\"true\"><path d=\"M4 4h16c1.1 0 2 .9 2 2v12c0 1.1-.9 2-2 2H4c-1.1 0-2-.9-2-2V6c0-1.1.9-2 2-2z\"><\/path><polyline points=\"22,6 12,13 2,6\"><\/polyline><\/svg><\/div><\/div><\/div>\n\n\n\n<h3 class=\"has-text-align-center wp-block-heading\" id=\"napiste-nam\"><strong>MESSAGE US<\/strong><\/h3>\n\n\n\n<p class=\"has-text-align-center\">kancelar<strong>@aldilna.cz<\/strong><br>www.aldilna.cz<\/p>\n<\/div>\n\n\n\n<div class=\"wp-block-column is-layout-flow wp-block-column-is-layout-flow\"><style>.kt-svg-icons_6d65ab-77 .kt-svg-item-0 .kb-svg-icon-wrap{color:#1f3a6e;font-size:40px;background:transparent;border-color:#1f3a6e;border-width:1px;border-radius:50px;}.wp-block-kadence-icon.kt-svg-icons_6d65ab-77{justify-content:center;}<\/style>\n<div class=\"wp-block-kadence-icon kt-svg-icons kt-svg-icons_6d65ab-77 alignnone\" style=\"text-align:center\"><div class=\"kt-svg-style-stacked kt-svg-icon-wrap kt-svg-item-0\"><div style=\"display:inline-flex;justify-content:center;align-items:center;color:#1f3a6e;background-color:transparent;padding:20px;border-color:#1f3a6e;border-width:1px;border-radius:50%\" class=\"kt-svg-icon kt-svg-icon-fe_archive\"><svg style=\"display:inline-block;vertical-align:middle\" viewbox=\"0 0 24 24\" height=\"40\" width=\"40\" fill=\"none\" stroke=\"currentColor\" xmlns=\"http:\/\/www.w3.org\/2000\/svg\" stroke-width=\"1.5\" stroke-linecap=\"round\" stroke-linejoin=\"round\" aria-hidden=\"true\"><polyline points=\"21 8 21 21 3 21 3 8\"><\/polyline><rect x=\"1\" y=\"3\" width=\"22\" height=\"5\"><\/rect><line x1=\"10\" y1=\"12\" x2=\"14\" y2=\"12\"><\/line><\/svg><\/div><\/div><\/div>\n\n\n\n<h3 class=\"has-text-align-center wp-block-heading\" id=\"ic-dic\"><strong>I\u010c \/ DI\u010c<\/strong><\/h3>\n\n\n\n<p class=\"has-text-align-center\">I\u010c: <strong>07380798<\/strong><br>DI\u010c: <strong>CZ07380798<\/strong><\/p>\n<\/div>\n\n\n\n<div class=\"wp-block-column is-layout-flow wp-block-column-is-layout-flow\"><style>.kt-svg-icons_c1f88f-78 .kt-svg-item-0 .kb-svg-icon-wrap{color:#1f3a6e;font-size:40px;background:transparent;border-color:#1f3a6e;border-width:1px;border-radius:50px;}.wp-block-kadence-icon.kt-svg-icons_c1f88f-78{justify-content:center;}<\/style>\n<div class=\"wp-block-kadence-icon kt-svg-icons kt-svg-icons_c1f88f-78 alignnone\" style=\"text-align:center\"><div class=\"kt-svg-style-stacked kt-svg-icon-wrap kt-svg-item-0\"><div style=\"display:inline-flex;justify-content:center;align-items:center;color:#1f3a6e;background-color:transparent;padding:20px;border-color:#1f3a6e;border-width:1px;border-radius:50%\" class=\"kt-svg-icon kt-svg-icon-fe_mapPin\"><svg style=\"display:inline-block;vertical-align:middle\" viewbox=\"0 0 24 24\" height=\"40\" width=\"40\" fill=\"none\" stroke=\"currentColor\" xmlns=\"http:\/\/www.w3.org\/2000\/svg\" stroke-width=\"1.5\" stroke-linecap=\"round\" stroke-linejoin=\"round\" aria-hidden=\"true\"><path d=\"M21 10c0 7-9 13-9 13s-9-6-9-13a9 9 0 0 1 18 0z\"><\/path><circle cx=\"12\" cy=\"10\" r=\"3\"><\/circle><\/svg><\/div><\/div><\/div>\n\n\n\n<h3 class=\"has-text-align-center wp-block-heading\" id=\"adresa\"><strong>ADDRESS<\/strong><\/h3>\n\n\n\n<p class=\"has-text-align-center\"><strong>AL d\u00edlna s.r.o.<\/strong><br>Mrzkovice 50, 582 91 Sv\u011btl\u00e1 nad S\u00e1zavou<\/p>\n<\/div>\n<\/div>\n\n\n\n<div style=\"height:60px\" aria-hidden=\"true\" class=\"wp-block-spacer\"><\/div>\n","protected":false},"excerpt":{"rendered":"<p>CALL US +420 605 530 178+420 722 231 497 MESSAGE US kancelar@aldilna.czwww.aldilna.cz I\u010c \/ DI\u010c I\u010c: 07380798DI\u010c: CZ07380798 ADDRESS AL d\u00edlna s.r.o.Mrzkovice 50, 582 91 Sv\u011btl\u00e1 nad S\u00e1zavou<\/p>\n","protected":false},"author":1,"featured_media":0,"parent":0,"menu_order":10,"comment_status":"closed","ping_status":"closed","template":"","meta":{"footnotes":""},"class_list":["post-757","page","type-page","status-publish","hentry"],"_links":{"self":[{"href":"https:\/\/aldilna.cz\/en\/wp-json\/wp\/v2\/pages\/757","targetHints":{"allow":["GET"]}}],"collection":[{"href":"https:\/\/aldilna.cz\/en\/wp-json\/wp\/v2\/pages"}],"about":[{"href":"https:\/\/aldilna.cz\/en\/wp-json\/wp\/v2\/types\/page"}],"author":[{"embeddable":true,"href":"https:\/\/aldilna.cz\/en\/wp-json\/wp\/v2\/users\/1"}],"replies":[{"embeddable":true,"href":"https:\/\/aldilna.cz\/en\/wp-json\/wp\/v2\/comments?post=757"}],"version-history":[{"count":19,"href":"https:\/\/aldilna.cz\/en\/wp-json\/wp\/v2\/pages\/757\/revisions"}],"predecessor-version":[{"id":933,"href":"https:\/\/aldilna.cz\/en\/wp-json\/wp\/v2\/pages\/757\/revisions\/933"}],"wp:attachment":[{"href":"https:\/\/aldilna.cz\/en\/wp-json\/wp\/v2\/media?parent=757"}],"curies":[{"name":"wp","href":"https:\/\/api.w.org\/{rel}","templated":true}]}}